{"id":520,"date":"2024-12-13T19:51:44","date_gmt":"2024-12-13T19:51:44","guid":{"rendered":"https:\/\/deepbluestudio.de\/?page_id=520"},"modified":"2025-01-29T15:08:02","modified_gmt":"2025-01-29T15:08:02","slug":"impressum","status":"publish","type":"page","link":"https:\/\/deepbluestudio.de\/?page_id=520","title":{"rendered":"Impressum"},"content":{"rendered":"\t\t<div data-elementor-type=\"wp-page\" data-elementor-id=\"520\" class=\"elementor elementor-520\" data-elementor-post-type=\"page\">\n\t\t\t\t<div class=\"elementor-element elementor-element-2f934cf e-con-full e-flex e-con e-parent\" data-id=\"2f934cf\" data-element_type=\"container\" data-e-type=\"container\" data-settings=\"{&quot;background_background&quot;:&quot;video&quot;,&quot;background_video_link&quot;:&quot;https:\\\/\\\/www.youtube.com\\\/watch?v=hqzo2VDakqY&quot;,&quot;background_play_on_mobile&quot;:&quot;yes&quot;}\">\n\t\t<div class=\"elementor-background-video-container\">\n\t\t\t\t\t\t\t<div class=\"elementor-background-video-embed\" role=\"presentation\"><\/div>\n\t\t\t\t\t\t<\/div><div class=\"elementor-element elementor-element-9db483b e-con-full e-flex e-con e-child\" data-id=\"9db483b\" data-element_type=\"container\" data-e-type=\"container\">\n\t\t\t\t<\/div>\n\t\t<div class=\"elementor-element elementor-element-3819a31 e-con-full e-flex e-con e-child\" data-id=\"3819a31\" data-element_type=\"container\" data-e-type=\"container\">\n\t\t\t\t<div class=\"elementor-element elementor-element-7425e5c elementor-widget elementor-widget-heading\" data-id=\"7425e5c\" data-element_type=\"widget\" data-e-type=\"widget\" data-widget_type=\"heading.default\">\n\t\t\t\t<div class=\"elementor-widget-container\">\n\t\t\t\t\t<h1 class=\"elementor-heading-title elementor-size-default\">Impressum<\/h1>\t\t\t\t<\/div>\n\t\t\t\t<\/div>\n\t\t\t\t<\/div>\n\t\t<div class=\"elementor-element elementor-element-22782d0 e-con-full e-flex e-con e-child\" data-id=\"22782d0\" data-element_type=\"container\" data-e-type=\"container\">\n\t\t\t\t<\/div>\n\t\t\t\t<\/div>\n\t\t<div class=\"elementor-element elementor-element-ffffdda e-flex e-con-boxed e-con e-parent\" data-id=\"ffffdda\" data-element_type=\"container\" data-e-type=\"container\">\n\t\t\t\t\t<div class=\"e-con-inner\">\n\t\t\t\t<div class=\"elementor-element elementor-element-ebed959 elementor-widget elementor-widget-spacer\" data-id=\"ebed959\" data-element_type=\"widget\" data-e-type=\"widget\" data-widget_type=\"spacer.default\">\n\t\t\t\t<div class=\"elementor-widget-container\">\n\t\t\t\t\t\t\t<div class=\"elementor-spacer\">\n\t\t\t<div class=\"elementor-spacer-inner\"><\/div>\n\t\t<\/div>\n\t\t\t\t\t\t<\/div>\n\t\t\t\t<\/div>\n\t\t\t\t\t<\/div>\n\t\t\t\t<\/div>\n\t\t<div class=\"elementor-element elementor-element-c738f61 e-flex e-con-boxed e-con e-parent\" data-id=\"c738f61\" data-element_type=\"container\" data-e-type=\"container\">\n\t\t\t\t\t<div class=\"e-con-inner\">\n\t\t\t\t<div class=\"elementor-element elementor-element-548c4d2 elementor-widget elementor-widget-text-editor\" data-id=\"548c4d2\" data-element_type=\"widget\" data-e-type=\"widget\" data-widget_type=\"text-editor.default\">\n\t\t\t\t<div class=\"elementor-widget-container\">\n\t\t\t\t\t\t\t\t\t<div>\n<h2 style=\"text-align: left;\"><strong style=\"font-family: -apple-system, BlinkMacSystemFont, 'Segoe UI', Roboto, 'Helvetica Neue', Arial, 'Noto Sans', sans-serif, 'Apple Color Emoji', 'Segoe UI Emoji', 'Segoe UI Symbol', 'Noto Color Emoji';\">Angaben gem\u00e4\u00df \u00a7 5 TMG:<\/strong><\/h2>\n<div style=\"text-align: left;\">\n<div>&nbsp;<\/div>\n<div>Rika G\u00f6tz<\/div>\n<div>&nbsp;<\/div>\n<div>Lehmbruckstra\u00dfe 26<\/div>\n<div>&nbsp;<\/div>\n<div>10245 Berlin<\/div>\n<div>&nbsp;<\/div>\n<div>Steuernummer: &nbsp;14\/311\/02048<\/div>\n<div>&nbsp;<\/div>\n<div><a href=\"mailto:kontakt@rikahealingartist.com\" target=\"_blank\" rel=\"noopener\">kontakt@<wbr>rikahealingartist.com<\/a><\/div>\n<div>&nbsp;<\/div>\n<div><a href=\"http:\/\/www.rikahealingartist.com\/\" target=\"_blank\" rel=\"noopener\" data-saferedirecturl=\"https:\/\/www.google.com\/url?q=http:\/\/www.rikahealingartist.com\/&amp;source=gmail&amp;ust=1738248134731000&amp;usg=AOvVaw2ErYosPD2Qh1zgaGqwy5_L\">www.rikahealingartist.com<\/a><\/div>\n<div>&nbsp;<\/div>\n<\/div>\n<\/div>\n<div style=\"text-align: left;\">\n<div>\n<h2><strong>Technische Umsetzung und Design:<\/strong><\/h2>\n<div>&nbsp;<\/div>\n<div><a href=\"http:\/\/www.annikarichter.com\/\" target=\"_blank\" rel=\"noopener\" data-saferedirecturl=\"https:\/\/www.google.com\/url?q=http:\/\/www.annikarichter.com&amp;source=gmail&amp;ust=1738248134731000&amp;usg=AOvVaw1rt9YVVw_kF3_vPZQftQBI\">www.annikarichter.com<\/a><\/div>\n<div>&nbsp;<\/div>\n<div><a href=\"mailto:contact@annikarichter.com\">contact@annikarichter.com<\/a><\/div>\n<div>&nbsp;<\/div>\n<\/div>\n<\/div>\n<div style=\"text-align: left;\">\n<div>\n<h2><strong>Verantwortlich f\u00fcr den Inhalt nach \u00a7 55 Abs. 2 RStV:<\/strong><\/h2>\n<div>&nbsp;<\/div>\n<div>Rika G\u00f6tz<\/div>\n<div>&nbsp;<\/div>\n<div>Lehmbruckstra\u00dfe 26<\/div>\n<div>&nbsp;<\/div>\n<div>10245 Berlin<\/div>\n<div>&nbsp;<\/div>\n<\/div>\n<\/div>\n<div style=\"text-align: left;\">\n<div>\n<h2><strong>Haftung f\u00fcr Inhalte<\/strong><\/h2>\n<div>&nbsp;<\/div>\n<div>Als Diensteanbieter sind wir gem\u00e4\u00df \u00a7 7 Abs.1 TMG f\u00fcr eigene Inhalte auf diesen Seiten nach den allgemeinen Gesetzen verantwortlich. Nach \u00a7\u00a7 8 bis 10 TMG sind wir als Diensteanbieter jedoch nicht verpflichtet, \u00fcbermittelte oder gespeicherte fremde Informationen zu \u00fcberwachen oder nach Umst\u00e4nden zu forschen, die auf eine rechtswidrige T\u00e4tigkeit hinweisen.<\/div>\n<div>&nbsp;<\/div>\n<div>Verpflichtungen zur Entfernung oder Sperrung der Nutzung von Informationen nach den allgemeinen Gesetzen bleiben hiervon unber\u00fchrt. Eine diesbez\u00fcgliche Haftung ist jedoch erst ab dem Zeitpunkt der Kenntnis einer konkreten Rechtsverletzung m\u00f6glich. Bei Bekanntwerden von entsprechenden Rechtsverletzungen werden wir diese Inhalte umgehend entfernen.&nbsp;<\/div>\n<div>&nbsp;<\/div>\n<\/div>\n<\/div>\n<div style=\"text-align: left;\">\n<div>\n<h2><strong>Urheberrecht<\/strong><\/h2>\n<div>&nbsp;<\/div>\n<div>Die durch die Seitenbetreiber erstellten Inhalte und Werke auf diesen Seiten unterliegen dem deutschen Urheberrecht. Die Vervielf\u00e4ltigung, Bearbeitung, Verbreitung und jede Art der Verwertung au\u00dferhalb der Grenzen des Urheberrechtes bed\u00fcrfen der schriftlichen Zustimmung des jeweiligen Autors bzw. Erstellers. Downloads und Kopien dieser Seite sind nur f\u00fcr den privaten, nicht kommerziellen Gebrauch gestattet.<\/div>\n<div>&nbsp;<\/div>\n<div>Soweit die Inhalte auf dieser Seite nicht vom Betreiber erstellt wurden, werden die Urheberrechte Dritter beachtet. Insbesondere werden Inhalte Dritter als solche gekennzeichnet. Sollten Sie trotzdem auf eine Urheberrechtsverletzung aufmerksam werden, bitten wir um einen entsprechenden Hinweis. Bei Bekanntwerden von Rechtsverletzungen werden wir derartige Inhalte umgehend entfernen.<\/div>\n<div>&nbsp;<\/div>\n<\/div>\n<\/div>\n<div>\n<div>\n<h2 style=\"text-align: left;\"><strong>Streitbeilegung<\/strong><\/h2>\n<div style=\"text-align: left;\">&nbsp;<\/div>\n<div style=\"text-align: left;\">Die Europ\u00e4ische Kommission stellt eine Plattform f\u00fcr die au\u00dfergerichtliche Online-Streitbeilegung (OS-Plattform) bereit, aufrufbar unter&nbsp;<a href=\"http:\/\/ec.europa.eu\/odr\" target=\"_blank\" rel=\"noopener\" data-saferedirecturl=\"https:\/\/www.google.com\/url?q=http:\/\/ec.europa.eu\/odr&amp;source=gmail&amp;ust=1738248134731000&amp;usg=AOvVaw0XrUKQqzw9ZfPUUsqZLtwJ\">http:\/\/ec.europa.eu\/odr<\/a>. Unsere E-Mail- Adresse finden Sie im Impressum.<br>Wir sind nicht bereit oder verpflichtet, an Streitbeilegungsverfahren vor einer Verbraucherschlichtungsstelle teilzunehmen.<\/div>\n<\/div>\n<\/div>\t\t\t\t\t\t\t\t<\/div>\n\t\t\t\t<\/div>\n\t\t\t\t<div class=\"elementor-element elementor-element-96302cf elementor-widget elementor-widget-spacer\" data-id=\"96302cf\" data-element_type=\"widget\" data-e-type=\"widget\" data-widget_type=\"spacer.default\">\n\t\t\t\t<div class=\"elementor-widget-container\">\n\t\t\t\t\t\t\t<div class=\"elementor-spacer\">\n\t\t\t<div class=\"elementor-spacer-inner\"><\/div>\n\t\t<\/div>\n\t\t\t\t\t\t<\/div>\n\t\t\t\t<\/div>\n\t\t\t\t\t<\/div>\n\t\t\t\t<\/div>\n\t\t\t\t<\/div>\n\t\t","protected":false},"excerpt":{"rendered":"<p>Impressum Angaben gem\u00e4\u00df \u00a7 5 TMG: &nbsp; Rika G\u00f6tz &nbsp; Lehmbruckstra\u00dfe 26 &nbsp; 10245 Berlin &nbsp; Steuernummer: &nbsp;14\/311\/02048 &nbsp; kontakt@rikahealingartist.com &nbsp; www.rikahealingartist.com &nbsp; Technische Umsetzung und Design: &nbsp; www.annikarichter.com &nbsp; [&hellip;]<\/p>\n","protected":false},"author":1,"featured_media":0,"parent":0,"menu_order":0,"comment_status":"closed","ping_status":"closed","template":"","meta":{"footnotes":""},"class_list":["post-520","page","type-page","status-publish","hentry"],"aioseo_notices":[],"_links":{"self":[{"href":"https:\/\/deepbluestudio.de\/index.php?rest_route=\/wp\/v2\/pages\/520","targetHints":{"allow":["GET"]}}],"collection":[{"href":"https:\/\/deepbluestudio.de\/index.php?rest_route=\/wp\/v2\/pages"}],"about":[{"href":"https:\/\/deepbluestudio.de\/index.php?rest_route=\/wp\/v2\/types\/page"}],"author":[{"embeddable":true,"href":"https:\/\/deepbluestudio.de\/index.php?rest_route=\/wp\/v2\/users\/1"}],"replies":[{"embeddable":true,"href":"https:\/\/deepbluestudio.de\/index.php?rest_route=%2Fwp%2Fv2%2Fcomments&post=520"}],"version-history":[{"count":9,"href":"https:\/\/deepbluestudio.de\/index.php?rest_route=\/wp\/v2\/pages\/520\/revisions"}],"predecessor-version":[{"id":1198,"href":"https:\/\/deepbluestudio.de\/index.php?rest_route=\/wp\/v2\/pages\/520\/revisions\/1198"}],"wp:attachment":[{"href":"https:\/\/deepbluestudio.de\/index.php?rest_route=%2Fwp%2Fv2%2Fmedia&parent=520"}],"curies":[{"name":"wp","href":"https:\/\/api.w.org\/{rel}","templated":true}]}}