{"id":519,"date":"2024-12-13T19:50:22","date_gmt":"2024-12-13T19:50:22","guid":{"rendered":"https:\/\/deepbluestudio.de\/?page_id=519"},"modified":"2025-01-29T15:10:31","modified_gmt":"2025-01-29T15:10:31","slug":"agb","status":"publish","type":"page","link":"https:\/\/deepbluestudio.de\/?page_id=519","title":{"rendered":"AGB"},"content":{"rendered":"\t\t<div data-elementor-type=\"wp-page\" data-elementor-id=\"519\" class=\"elementor elementor-519\" data-elementor-post-type=\"page\">\n\t\t\t\t<div class=\"elementor-element elementor-element-2f934cf e-con-full e-flex e-con e-parent\" data-id=\"2f934cf\" data-element_type=\"container\" data-e-type=\"container\" data-settings=\"{&quot;background_background&quot;:&quot;video&quot;,&quot;background_video_link&quot;:&quot;https:\\\/\\\/www.youtube.com\\\/watch?v=opIXrkp-zy0&quot;,&quot;background_play_on_mobile&quot;:&quot;yes&quot;}\">\n\t\t<div class=\"elementor-background-video-container\">\n\t\t\t\t\t\t\t<div class=\"elementor-background-video-embed\" role=\"presentation\"><\/div>\n\t\t\t\t\t\t<\/div><div class=\"elementor-element elementor-element-9db483b e-con-full e-flex e-con e-child\" data-id=\"9db483b\" data-element_type=\"container\" data-e-type=\"container\">\n\t\t\t\t<\/div>\n\t\t<div class=\"elementor-element elementor-element-3819a31 e-con-full e-flex e-con e-child\" data-id=\"3819a31\" data-element_type=\"container\" data-e-type=\"container\">\n\t\t\t\t<div class=\"elementor-element elementor-element-7425e5c elementor-widget elementor-widget-heading\" data-id=\"7425e5c\" data-element_type=\"widget\" data-e-type=\"widget\" data-widget_type=\"heading.default\">\n\t\t\t\t<div class=\"elementor-widget-container\">\n\t\t\t\t\t<h1 class=\"elementor-heading-title elementor-size-default\">AGBs<\/h1>\t\t\t\t<\/div>\n\t\t\t\t<\/div>\n\t\t\t\t<\/div>\n\t\t<div class=\"elementor-element elementor-element-22782d0 e-con-full e-flex e-con e-child\" data-id=\"22782d0\" data-element_type=\"container\" data-e-type=\"container\">\n\t\t\t\t<\/div>\n\t\t\t\t<\/div>\n\t\t<div class=\"elementor-element elementor-element-ffffdda e-flex e-con-boxed e-con e-parent\" data-id=\"ffffdda\" data-element_type=\"container\" data-e-type=\"container\">\n\t\t\t\t\t<div class=\"e-con-inner\">\n\t\t\t\t<div class=\"elementor-element elementor-element-ebed959 elementor-widget elementor-widget-spacer\" data-id=\"ebed959\" data-element_type=\"widget\" data-e-type=\"widget\" data-widget_type=\"spacer.default\">\n\t\t\t\t<div class=\"elementor-widget-container\">\n\t\t\t\t\t\t\t<div class=\"elementor-spacer\">\n\t\t\t<div class=\"elementor-spacer-inner\"><\/div>\n\t\t<\/div>\n\t\t\t\t\t\t<\/div>\n\t\t\t\t<\/div>\n\t\t\t\t\t<\/div>\n\t\t\t\t<\/div>\n\t\t<div class=\"elementor-element elementor-element-c738f61 e-flex e-con-boxed e-con e-parent\" data-id=\"c738f61\" data-element_type=\"container\" data-e-type=\"container\">\n\t\t\t\t\t<div class=\"e-con-inner\">\n\t\t\t\t<div class=\"elementor-element elementor-element-96302cf elementor-widget elementor-widget-spacer\" data-id=\"96302cf\" data-element_type=\"widget\" data-e-type=\"widget\" data-widget_type=\"spacer.default\">\n\t\t\t\t<div class=\"elementor-widget-container\">\n\t\t\t\t\t\t\t<div class=\"elementor-spacer\">\n\t\t\t<div class=\"elementor-spacer-inner\"><\/div>\n\t\t<\/div>\n\t\t\t\t\t\t<\/div>\n\t\t\t\t<\/div>\n\t\t\t\t<div class=\"elementor-element elementor-element-548c4d2 elementor-widget elementor-widget-text-editor\" data-id=\"548c4d2\" data-element_type=\"widget\" data-e-type=\"widget\" data-widget_type=\"text-editor.default\">\n\t\t\t\t<div class=\"elementor-widget-container\">\n\t\t\t\t\t\t\t\t\t<div>\n<div>\n<h2 style=\"text-align: left;\"><strong>Allgemeiner Hinweis:<\/strong><\/h2>\n<div style=\"text-align: left;\">&nbsp;<\/div>\n<div style=\"text-align: left;\"><strong>(1) Einzelcoaching<\/strong><\/div>\n<div style=\"text-align: left;\">&nbsp;<\/div>\n<div style=\"text-align: left;\">Alle Methoden sind energetische Anwendungen. Sie ersetzen keine Arztbesuche und keine Psychotherapie noch Diagnosen.&nbsp;Ich gebe auch keine Heilversprechen ab weder eine Garantie f\u00fcr bestimmte Ergebnisse.&nbsp;Bei schwerwiegenden Erkrankungen suche bitte einen Arzt oder Therapeuten auf.&nbsp;Haftungen f\u00fcr Folgen der Behandlung sind ausgeschlossen.<\/div>\n<div style=\"text-align: left;\">&nbsp;<\/div>\n<\/div>\n<\/div>\n<div style=\"text-align: left;\">\n<div>\n<div><strong>(2) Der Begriff Heiler<\/strong><\/div>\n<div>&nbsp;<\/div>\n<div>Der Heiler versteht das universelle\/g\u00f6ttliche Bewusstsein als Quelle der Heilkraft und nicht sich selbst. Heiler sind eine Art Mittler von Energien und Informationen. Heiler sind Impulsgeber, damit sich der Klient auf einen ganzheitlichen Heilungsprozess begeben kann, an dem er selbst aktiv beteiligt ist.<\/div>\n<div>&nbsp;<\/div>\n<\/div>\n<\/div>\n<div style=\"text-align: left;\">\n<div>\n<div><strong>(3) Geltung gegen\u00fcber Unternehmern und Begriffsdefinitionen<\/strong><\/div>\n<div>&nbsp;<\/div>\n<div>Die nachfolgenden Allgemeinen Gesch\u00e4ftsbedingungen gelten f\u00fcr alle Lieferungen und Leistungen zwischen uns und einem Verbraucher in ihrer zum Zeitpunkt der Bestellung g\u00fcltigen Fassung.<\/div>\n<div>&nbsp;<\/div>\n<div>Verbraucher ist jede nat\u00fcrliche Person, die ein Rechtsgesch\u00e4ft zu Zwecken abschlie\u00dft, die \u00fcberwiegend weder ihrer gewerblichen noch ihrer selbst\u00e4ndigen beruflichen T\u00e4tigkeit zugerechnet&nbsp;&nbsp;werden k\u00f6nnen (\u00a7 13 BGB)<\/div>\n<div>&nbsp;<\/div>\n<\/div>\n<\/div>\n<div style=\"text-align: left;\">\n<div>\n<div><strong>(4) Preise, Versandkosten, Zahlung, F\u00e4lligkeit<\/strong><\/div>\n<div>&nbsp;<\/div>\n<div>(1) Die angegebenen Preise enthalten die gesetzliche Umsatzsteuer und sonstige Preisbestandteile. Hinzu kommen etwaige Versandkosten.<\/div>\n<div>&nbsp;<\/div>\n<div>(2) Der Verbraucher hat die M\u00f6glichkeit der Zahlung Bar vor Ort, per Vorkasse (\u00dcberweisung), PayPal und Kreditkarte.<\/div>\n<div>&nbsp;<\/div>\n<div>(3) Hat der Verbraucher die Zahlung per Vorkasse gew\u00e4hlt, so verpflichtet er sich, den Kaufpreis unverz\u00fcglich nach Vertragsschluss zu zahlen, bis sp\u00e4testens jedoch vor Beginn der Dienstleistung.<\/div>\n<div>&nbsp;<\/div>\n<\/div>\n<\/div>\n<div>\n<div style=\"text-align: left;\">\n<div><strong>(5) Widerrufsrecht des Kunden als Verbraucher<\/strong><\/div>\n<div>&nbsp;<\/div>\n<div>Widerrufsrecht f\u00fcr Verbraucher<br>Verbrauchern steht ein Widerrufsrecht nach folgender Ma\u00dfgabe zu, wobei Verbraucher jede nat\u00fcrliche Person ist, die ein Rechtsgesch\u00e4ft zu Zwecken abschlie\u00dft, die \u00fcberwiegend weder ihrer gewerblichen noch ihrer selbst\u00e4ndigen beruflichen T\u00e4tigkeit zugerechnet werden k\u00f6nnen:<\/div>\n<div>&nbsp;<\/div>\n<div><i>Widerrufsbelehrung<\/i><\/div>\n<div><i>&nbsp;<\/i><\/div>\n<div><i>Widerrufsrecht<\/i><\/div>\n<div><i>&nbsp;<\/i><\/div>\n<div><i>Sie haben das Recht, binnen vierzehn Tagen ohne Angabe von Gr\u00fcnden diesen Vertrag zu widerrufen.&nbsp;Die Widerrufsfrist betr\u00e4gt vierzehn Tage, ab dem Tag des Vertragsabschlusses.&nbsp;Um Ihr Widerrufsrecht auszu\u00fcben, m\u00fcssen Sie uns<\/i><\/div>\n<div><i>&nbsp;<\/i><\/div>\n<div><i>Deep Blue Studio, Lehmbruckstra\u00dfe 26, 10245 Berlin, E-Mail:&nbsp;<a href=\"mailto:info@deepbluestudio.de\" target=\"_blank\" rel=\"noopener\">info@deepbluestudio.de<\/a><\/i><\/div>\n<div><i>&nbsp;<\/i><\/div>\n<div><i>mittels einer eindeutigen Erkl\u00e4rung (z.B. ein mit der Post versandter Brief, Telefax oder E-Mail) \u00fcber Ihren Entschluss, diesen Vertrag zu widerrufen, informieren.&nbsp;Zur Wahrung der Widerrufsfrist reicht es aus, dass Sie die Mitteilung \u00fcber die Aus\u00fcbung des Widerrufsrechts vor Ablauf der Widerrufsfrist absenden.<\/i><\/div>\n<\/div>\n<div>\n<div style=\"text-align: left;\">\n<div>\n<div><i>Widerrufsfolgen<\/i><\/div>\n<div><i>&nbsp;<\/i><\/div>\n<div><i>Wenn Sie diesen Vertrag widerrufen, haben wir Ihnen alle Zahlungen, die wir von Ihnen erhalten haben, einschlie\u00dflich der Lieferkosten (mit Ausnahme der zus\u00e4tzlichen Kosten, die sich daraus ergeben, dass Sie eine andere Art der Lieferung als die von uns angebotene, g\u00fcnstigste Standardlieferung gew\u00e4hlt haben), unverz\u00fcglich und sp\u00e4testens binnen vierzehn Tagen ab dem Tag zur\u00fcckzuzahlen, an dem die Mitteilung \u00fcber Ihren Widerruf dieses Vertrags bei uns eingegangen ist. F\u00fcr diese R\u00fcckzahlung verwenden wir dasselbe Zahlungsmittel, das Sie bei der urspr\u00fcnglichen Transaktion eingesetzt haben, es sei denn, mit Ihnen wurde ausdr\u00fccklich etwas anderes vereinbart; in keinem Fall werden Ihnen wegen dieser R\u00fcckzahlung Entgelte berechnet.<\/i><\/div>\n<div><i>&nbsp;<\/i><\/div>\n<div><i>Haben Sie verlangt, dass die Dienstleistungen w\u00e4hrend der Widerrufsfrist beginnen soll, so haben Sie uns einen angemessenen Betrag zu zahlen, der dem Anteil der bis zu dem Zeitpunkt, zu dem Sie uns von der Aus\u00fcbung des Widerrufsrechts hinsichtlich dieses Vertrags unterrichten, bereits erbrachten Dienstleistungen im Vergleich zum Gesamtumfang der im Vertrag vorgesehenen Dienstleistungen entspricht.<\/i><\/div>\n<div><i>&nbsp;<\/i><\/div>\n<div><i>Ende der Widerrufsbelehrung<\/i><\/div>\n<div>&nbsp;<\/div>\n<\/div>\n<\/div>\n<div>\n<div>\n<div style=\"text-align: left;\"><strong>(6) Stornierungsbedingungen<\/strong><\/div>\n<div style=\"text-align: left;\">&nbsp;<\/div>\n<div style=\"text-align: left;\">Solltest du deinen Termin nicht wahrnehmen k\u00f6nnen, dann gib mir bitte rechtzeitig, mindestens 24h vor dem Beginn per Email an<a href=\"mailto:ankontakt@rikahealingartist.com\" target=\"_blank\" rel=\"noopener\">&nbsp;info@deepbluestudio.de<\/a>&nbsp;Bescheid. Bei einer sp\u00e4teren Stornierung oder Nichterscheinen wird dir die Sitzungsgeb\u00fchr in Rechnung gestellt, da wir den Termin f\u00fcr dich freihalte. Danke f\u00fcr dein Verst\u00e4ndnis.<\/div>\n<div style=\"text-align: left;\">&nbsp;<\/div>\n<div style=\"text-align: left;\"><b>Gew\u00e4hrleistung<\/b><\/div>\n<div style=\"text-align: left;\">&nbsp;<\/div>\n<div style=\"text-align: left;\">Es gelten die gesetzlichen Gew\u00e4hrleistungsregelungen.<\/div>\n<div style=\"text-align: left;\">&nbsp;<\/div>\n<div style=\"text-align: left;\"><b>Vertragssprache<\/b><\/div>\n<div style=\"text-align: left;\">&nbsp;<\/div>\n<div style=\"text-align: left;\">Als Vertragssprache steht ausschlie\u00dflich Deutsch zur Verf\u00fcgung.<\/div>\n<div style=\"text-align: left;\">&nbsp;<\/div>\n<div style=\"text-align: left;\">Stand der AGB Januar 2025<\/div>\n<\/div>\n<\/div>\n<\/div>\n<\/div>\t\t\t\t\t\t\t\t<\/div>\n\t\t\t\t<\/div>\n\t\t\t\t\t<\/div>\n\t\t\t\t<\/div>\n\t\t\t\t<\/div>\n\t\t","protected":false},"excerpt":{"rendered":"<p>AGBs Allgemeiner Hinweis: &nbsp; (1) Einzelcoaching &nbsp; Alle Methoden sind energetische Anwendungen. Sie ersetzen keine Arztbesuche und keine Psychotherapie noch Diagnosen.&nbsp;Ich gebe auch keine Heilversprechen ab weder eine Garantie f\u00fcr [&hellip;]<\/p>\n","protected":false},"author":1,"featured_media":0,"parent":0,"menu_order":0,"comment_status":"closed","ping_status":"closed","template":"","meta":{"footnotes":""},"class_list":["post-519","page","type-page","status-publish","hentry"],"aioseo_notices":[],"_links":{"self":[{"href":"https:\/\/deepbluestudio.de\/index.php?rest_route=\/wp\/v2\/pages\/519","targetHints":{"allow":["GET"]}}],"collection":[{"href":"https:\/\/deepbluestudio.de\/index.php?rest_route=\/wp\/v2\/pages"}],"about":[{"href":"https:\/\/deepbluestudio.de\/index.php?rest_route=\/wp\/v2\/types\/page"}],"author":[{"embeddable":true,"href":"https:\/\/deepbluestudio.de\/index.php?rest_route=\/wp\/v2\/users\/1"}],"replies":[{"embeddable":true,"href":"https:\/\/deepbluestudio.de\/index.php?rest_route=%2Fwp%2Fv2%2Fcomments&post=519"}],"version-history":[{"count":12,"href":"https:\/\/deepbluestudio.de\/index.php?rest_route=\/wp\/v2\/pages\/519\/revisions"}],"predecessor-version":[{"id":1201,"href":"https:\/\/deepbluestudio.de\/index.php?rest_route=\/wp\/v2\/pages\/519\/revisions\/1201"}],"wp:attachment":[{"href":"https:\/\/deepbluestudio.de\/index.php?rest_route=%2Fwp%2Fv2%2Fmedia&parent=519"}],"curies":[{"name":"wp","href":"https:\/\/api.w.org\/{rel}","templated":true}]}}