{"id":508,"date":"2024-12-13T19:46:16","date_gmt":"2024-12-13T19:46:16","guid":{"rendered":"https:\/\/deepbluestudio.de\/?page_id=508"},"modified":"2026-03-20T11:58:22","modified_gmt":"2026-03-20T11:58:22","slug":"events","status":"publish","type":"page","link":"https:\/\/deepbluestudio.de\/?page_id=508","title":{"rendered":"Events"},"content":{"rendered":"\t\t<div data-elementor-type=\"wp-page\" data-elementor-id=\"508\" class=\"elementor elementor-508\" data-elementor-post-type=\"page\">\n\t\t\t\t<div class=\"elementor-element elementor-element-2f934cf e-con-full e-flex e-con e-parent\" data-id=\"2f934cf\" data-element_type=\"container\" data-e-type=\"container\" data-settings=\"{&quot;background_background&quot;:&quot;video&quot;,&quot;background_video_link&quot;:&quot;https:\\\/\\\/www.youtube.com\\\/watch?v=0TL9aeUqjgU&quot;,&quot;background_play_on_mobile&quot;:&quot;yes&quot;}\">\n\t\t<div class=\"elementor-background-video-container\">\n\t\t\t\t\t\t\t<div class=\"elementor-background-video-embed\" role=\"presentation\"><\/div>\n\t\t\t\t\t\t<\/div><div class=\"elementor-element elementor-element-9db483b e-con-full e-flex e-con e-child\" data-id=\"9db483b\" data-element_type=\"container\" data-e-type=\"container\">\n\t\t\t\t<\/div>\n\t\t<div class=\"elementor-element elementor-element-3819a31 e-con-full e-flex e-con e-child\" data-id=\"3819a31\" data-element_type=\"container\" data-e-type=\"container\">\n\t\t\t\t<div class=\"elementor-element elementor-element-7425e5c elementor-widget elementor-widget-heading\" data-id=\"7425e5c\" data-element_type=\"widget\" data-e-type=\"widget\" data-widget_type=\"heading.default\">\n\t\t\t\t<div class=\"elementor-widget-container\">\n\t\t\t\t\t<h1 class=\"elementor-heading-title elementor-size-default\">Events<\/h1>\t\t\t\t<\/div>\n\t\t\t\t<\/div>\n\t\t\t\t<\/div>\n\t\t<div class=\"elementor-element elementor-element-22782d0 e-con-full e-flex e-con e-child\" data-id=\"22782d0\" data-element_type=\"container\" data-e-type=\"container\">\n\t\t\t\t<\/div>\n\t\t\t\t<\/div>\n\t\t<div class=\"elementor-element elementor-element-ffffdda e-flex e-con-boxed e-con e-parent\" data-id=\"ffffdda\" data-element_type=\"container\" data-e-type=\"container\">\n\t\t\t\t\t<div class=\"e-con-inner\">\n\t\t\t\t<div class=\"elementor-element elementor-element-ebed959 elementor-widget elementor-widget-spacer\" data-id=\"ebed959\" data-element_type=\"widget\" data-e-type=\"widget\" data-widget_type=\"spacer.default\">\n\t\t\t\t<div class=\"elementor-widget-container\">\n\t\t\t\t\t\t\t<div class=\"elementor-spacer\">\n\t\t\t<div class=\"elementor-spacer-inner\"><\/div>\n\t\t<\/div>\n\t\t\t\t\t\t<\/div>\n\t\t\t\t<\/div>\n\t\t\t\t\t<\/div>\n\t\t\t\t<\/div>\n\t\t<div class=\"elementor-element elementor-element-c738f61 e-flex e-con-boxed e-con e-parent\" data-id=\"c738f61\" data-element_type=\"container\" data-e-type=\"container\">\n\t\t\t\t\t<div class=\"e-con-inner\">\n\t\t\t\t<div class=\"elementor-element elementor-element-8574f61 elementor-widget elementor-widget-heading\" data-id=\"8574f61\" data-element_type=\"widget\" data-e-type=\"widget\" data-widget_type=\"heading.default\">\n\t\t\t\t<div class=\"elementor-widget-container\">\n\t\t\t\t\t<h1 class=\"elementor-heading-title elementor-size-default\">Upcoming Events<\/h1>\t\t\t\t<\/div>\n\t\t\t\t<\/div>\n\t\t\t\t<div class=\"elementor-element elementor-element-a3af55c elementor-widget elementor-widget-spacer\" data-id=\"a3af55c\" data-element_type=\"widget\" data-e-type=\"widget\" data-widget_type=\"spacer.default\">\n\t\t\t\t<div class=\"elementor-widget-container\">\n\t\t\t\t\t\t\t<div class=\"elementor-spacer\">\n\t\t\t<div class=\"elementor-spacer-inner\"><\/div>\n\t\t<\/div>\n\t\t\t\t\t\t<\/div>\n\t\t\t\t<\/div>\n\t\t\t\t\t<\/div>\n\t\t\t\t<\/div>\n\t\t<div class=\"elementor-element elementor-element-9f914dd e-flex e-con-boxed e-con e-parent\" data-id=\"9f914dd\" data-element_type=\"container\" data-e-type=\"container\">\n\t\t\t\t\t<div class=\"e-con-inner\">\n\t\t<div class=\"elementor-element elementor-element-a31746b e-con-full e-flex e-con e-child\" data-id=\"a31746b\" data-element_type=\"container\" data-e-type=\"container\" data-settings=\"{&quot;background_background&quot;:&quot;slideshow&quot;,&quot;background_slideshow_gallery&quot;:[{&quot;id&quot;:1865,&quot;url&quot;:&quot;https:\\\/\\\/deepbluestudio.de\\\/wp-content\\\/uploads\\\/2026\\\/01\\\/Deep-Embodiment1-Kopie.png&quot;}],&quot;background_slideshow_slide_duration&quot;:7000,&quot;background_slideshow_transition_duration&quot;:501,&quot;background_slideshow_loop&quot;:&quot;yes&quot;,&quot;background_slideshow_slide_transition&quot;:&quot;fade&quot;}\">\n\t\t\t\t<\/div>\n\t\t<div class=\"elementor-element elementor-element-0e5ac6b e-con-full e-flex e-con e-child\" data-id=\"0e5ac6b\" data-element_type=\"container\" data-e-type=\"container\">\n\t\t\t\t<div class=\"elementor-element elementor-element-136e8a6 elementor-widget elementor-widget-heading\" data-id=\"136e8a6\" data-element_type=\"widget\" data-e-type=\"widget\" data-widget_type=\"heading.default\">\n\t\t\t\t<div class=\"elementor-widget-container\">\n\t\t\t\t\t<h2 class=\"elementor-heading-title elementor-size-default\">Dee Embodiment - Breathwork &amp; Intensivkurs<\/h2>\t\t\t\t<\/div>\n\t\t\t\t<\/div>\n\t\t\t\t<div class=\"elementor-element elementor-element-9bd5871 elementor-widget elementor-widget-text-editor\" data-id=\"9bd5871\" data-element_type=\"widget\" data-e-type=\"widget\" data-widget_type=\"text-editor.default\">\n\t\t\t\t<div class=\"elementor-widget-container\">\n\t\t\t\t\t\t\t\t\t<p><strong>Samstag 18.April 2026 11-16:00 Uhr<\/strong><\/p><p>Deep Embodiment ist ein Weg der Seelenverk\u00f6rperung. Ein Weg der dich zu dir f\u00fchrt. Unser Atem dient als Br\u00fccke zwischen K\u00f6rper und Seele.<\/p><p>Durch den tiefen verbundenen Atem, intuitiven Ber\u00fchrungen und Bewegungen wird Energie freigesetzt. Destruktive Glaubensmuster kommen ans Licht des Bewusstseins. Alte Speicherungen im K\u00f6rper l\u00f6sen sich, es wird Raum geschaffen, damit die Seelenessenz sich tiefer verk\u00f6rpern und ihren Platz auf der Erde einnehmen kann &#8211; um sich als wirksamer (Mit)Gestalter zu erleben.<\/p><p>Die Emotionen werden nicht nur freigelassen, sondern werden vor allem als Portal zum Potenzial genutzt.<\/p><p>Es ist ein Aufbrechen in die Selbsterm\u00e4chtigung. Eine Aktivierung in die kraftvolle Selbstverantwortung. Die Seele m\u00f6chte frei sein. Ihren einzigartigen Ausdruck verk\u00f6rpern. Wenn sich Seele verk\u00f6rpert, entfaltet sich ein kraftvolles Potenzial in allen Lebensbereichen.<\/p><p>In dir steckt ein einzigartiger Ausdruck, ein Seelencode, der darauf wartet von dir entschl\u00fcsselt zu werden. Deep Embodiment bietet dir einen Raum f\u00fcr tiefe, reichhaltige Transformation und Potenzialentfaltung.<\/p><p>Was dich erwartet:<\/p><p>Intuitive Bewegung<br \/>Achtsame Ber\u00fchrung<br \/>Verbundener Atem<br \/>Aktivierung der Seelenessenz<br \/>Ein sicherer &amp; hochfrequent gehaltener Raum<\/p>\t\t\t\t\t\t\t\t<\/div>\n\t\t\t\t<\/div>\n\t\t\t\t<div class=\"elementor-element elementor-element-cc2c67d elementor-align-left elementor-widget elementor-widget-button\" data-id=\"cc2c67d\" data-element_type=\"widget\" data-e-type=\"widget\" data-widget_type=\"button.default\">\n\t\t\t\t<div class=\"elementor-widget-container\">\n\t\t\t\t\t\t\t\t\t<div class=\"elementor-button-wrapper\">\n\t\t\t\t\t<a class=\"elementor-button elementor-button-link elementor-size-sm\" href=\"https:\/\/rikahealingartist.com\/events\/deep-embodiment-2\" target=\"_blank\">\n\t\t\t\t\t\t<span class=\"elementor-button-content-wrapper\">\n\t\t\t\t\t\t\t\t\t<span class=\"elementor-button-text\">Erfahre mehr<\/span>\n\t\t\t\t\t<\/span>\n\t\t\t\t\t<\/a>\n\t\t\t\t<\/div>\n\t\t\t\t\t\t\t\t<\/div>\n\t\t\t\t<\/div>\n\t\t\t\t<\/div>\n\t\t\t\t\t<\/div>\n\t\t\t\t<\/div>\n\t\t<div class=\"elementor-element elementor-element-f8ae857 e-flex e-con-boxed e-con e-parent\" data-id=\"f8ae857\" data-element_type=\"container\" data-e-type=\"container\">\n\t\t\t\t\t<div class=\"e-con-inner\">\n\t\t<div class=\"elementor-element elementor-element-cd3fec8 e-con-full e-flex e-con e-child\" data-id=\"cd3fec8\" data-element_type=\"container\" data-e-type=\"container\" data-settings=\"{&quot;background_background&quot;:&quot;slideshow&quot;,&quot;background_slideshow_gallery&quot;:[{&quot;id&quot;:1869,&quot;url&quot;:&quot;https:\\\/\\\/deepbluestudio.de\\\/wp-content\\\/uploads\\\/2026\\\/01\\\/Deep-Embodiment1-Kopie-2.png&quot;}],&quot;background_slideshow_slide_duration&quot;:7000,&quot;background_slideshow_transition_duration&quot;:501,&quot;background_slideshow_loop&quot;:&quot;yes&quot;,&quot;background_slideshow_slide_transition&quot;:&quot;fade&quot;}\">\n\t\t\t\t<\/div>\n\t\t<div class=\"elementor-element elementor-element-92647f5 e-con-full e-flex e-con e-child\" data-id=\"92647f5\" data-element_type=\"container\" data-e-type=\"container\">\n\t\t\t\t<div class=\"elementor-element elementor-element-0a8f6fc elementor-widget elementor-widget-heading\" data-id=\"0a8f6fc\" data-element_type=\"widget\" data-e-type=\"widget\" data-widget_type=\"heading.default\">\n\t\t\t\t<div class=\"elementor-widget-container\">\n\t\t\t\t\t<h2 class=\"elementor-heading-title elementor-size-default\">The Embodiment - 200HRS Practitioner Training &amp; Selbsterfahrung<\/h2>\t\t\t\t<\/div>\n\t\t\t\t<\/div>\n\t\t\t\t<div class=\"elementor-element elementor-element-2078bb9 elementor-widget elementor-widget-text-editor\" data-id=\"2078bb9\" data-element_type=\"widget\" data-e-type=\"widget\" data-widget_type=\"text-editor.default\">\n\t\t\t\t<div class=\"elementor-widget-container\">\n\t\t\t\t\t\t\t\t\t<p><strong>Start 02.05.2026 bis 09.12.2025 &#8211; 3 Pr\u00e4senzwochen plus alle zwei Wochen einen Online Call und eine Selbsterfahrungswoche<\/strong><\/p><p class=\"p1\">Fokus dieser Ausbildung ist es, dich darin auszubilden, hochfrequente Aufwachr\u00e4ume zu halten.<\/p><p class=\"p1\">Du lernst, wie du Menschen durch ihre Prozesse begleitest. Du lernst pr\u00e4sent einen Raum zu halten von deinem Zentrum aus f\u00fcr Einzel- und Gruppensessions.\u00a0<\/p><p>Es ist kein Wissen, dass du dir aneignest. Sondern eine tiefe Selbsterfahrung die LEBENSVER\u00c4NDERND wirkt.<\/p><p>Das THE EMBODIMENT Training ist ein kraftvoller Erfahrungsraum f\u00fcr Seelenverk\u00f6rperung und Transformation. In diesem Raum geht es darum, dass du die Essenz dieser Arbeit in dir selbst erf\u00e4hrst.<\/p><p class=\"p1\">Du erinnerst dich tiefer, wer du wirklich bist, an deine innere Wahrheit und \u00f6ffnest dich f\u00fcr das, was durch dich ins Leben kommen m\u00f6chte.<\/p><p class=\"p1\">Embodiment ist nicht nur eine K\u00f6rper-und Atemarbeit, es ist ein Prozess, der zum Erwachen deiner Seele f\u00fchrt.<\/p><p class=\"p1\">Bereits deine Buchung zu dieser Ausbildung wird viel in Bewegung bringen.<\/p><p>Jetzt ist die Zeit, den Ruf deiner Seele zu folgen.<\/p><p class=\"p1\">Es ist mir eine Ehre, dich auf diesen mutigen Weg zu begleiten!<\/p><p class=\"p1\">Mit viel Liebe,<\/p><p>Rika<\/p><p>Weietre Informationen und die Anmeldung findest du \u00fcber www.rikahealingartist.com<\/p>\t\t\t\t\t\t\t\t<\/div>\n\t\t\t\t<\/div>\n\t\t\t\t<div class=\"elementor-element elementor-element-eff4a1f elementor-align-left elementor-widget elementor-widget-button\" data-id=\"eff4a1f\" data-element_type=\"widget\" data-e-type=\"widget\" data-widget_type=\"button.default\">\n\t\t\t\t<div class=\"elementor-widget-container\">\n\t\t\t\t\t\t\t\t\t<div class=\"elementor-button-wrapper\">\n\t\t\t\t\t<a class=\"elementor-button elementor-button-link elementor-size-sm\" href=\"https:\/\/rikahealingartist.com\/the-embodiment-training\" target=\"_blank\">\n\t\t\t\t\t\t<span class=\"elementor-button-content-wrapper\">\n\t\t\t\t\t\t\t\t\t<span class=\"elementor-button-text\">Erfahre mehr<\/span>\n\t\t\t\t\t<\/span>\n\t\t\t\t\t<\/a>\n\t\t\t\t<\/div>\n\t\t\t\t\t\t\t\t<\/div>\n\t\t\t\t<\/div>\n\t\t\t\t<\/div>\n\t\t\t\t\t<\/div>\n\t\t\t\t<\/div>\n\t\t<div class=\"elementor-element elementor-element-360aead e-flex e-con-boxed e-con e-parent\" data-id=\"360aead\" data-element_type=\"container\" data-e-type=\"container\">\n\t\t\t\t\t<div class=\"e-con-inner\">\n\t\t<div class=\"elementor-element elementor-element-eb05551 e-con-full e-flex e-con e-child\" data-id=\"eb05551\" data-element_type=\"container\" data-e-type=\"container\" data-settings=\"{&quot;background_background&quot;:&quot;slideshow&quot;,&quot;background_slideshow_gallery&quot;:[{&quot;id&quot;:1897,&quot;url&quot;:&quot;https:\\\/\\\/deepbluestudio.de\\\/wp-content\\\/uploads\\\/2026\\\/03\\\/intuitive-tarot-april-_-print-flyer.jpg&quot;}],&quot;background_slideshow_slide_duration&quot;:7000,&quot;background_slideshow_transition_duration&quot;:501,&quot;background_slideshow_loop&quot;:&quot;yes&quot;,&quot;background_slideshow_slide_transition&quot;:&quot;fade&quot;}\">\n\t\t\t\t<\/div>\n\t\t<div class=\"elementor-element elementor-element-2333370 e-con-full e-flex e-con e-child\" data-id=\"2333370\" data-element_type=\"container\" data-e-type=\"container\">\n\t\t\t\t<div class=\"elementor-element elementor-element-aebca6c elementor-widget elementor-widget-heading\" data-id=\"aebca6c\" data-element_type=\"widget\" data-e-type=\"widget\" data-widget_type=\"heading.default\">\n\t\t\t\t<div class=\"elementor-widget-container\">\n\t\t\t\t\t<h2 class=\"elementor-heading-title elementor-size-default\">Intuitive Tarot Course<\/h2>\t\t\t\t<\/div>\n\t\t\t\t<\/div>\n\t\t\t\t<div class=\"elementor-element elementor-element-0788d07 elementor-widget elementor-widget-text-editor\" data-id=\"0788d07\" data-element_type=\"widget\" data-e-type=\"widget\" data-widget_type=\"text-editor.default\">\n\t\t\t\t<div class=\"elementor-widget-container\">\n\t\t\t\t\t\t\t\t\t<div><strong>4 Days: April 1, April 15, April 22, April 22 | 6\u20138 pm<\/strong><\/div><div>\u00a0<\/div><div><div>Learn how to read TAROT with ease. Weave together Symbolism, Numerology<\/div><div>&amp; more for meaningful and accurate readings. While we explore symbolism,<\/div><div>the heart of the work lies in developing your intuition and forming<\/div><div>personal, meaningful connections with the cards. You\u2019ll learn how to<\/div><div>weave symbols into stories that feel alive, potent, and deeply resonant<\/div><div>for yourself and for others. We will explore the imagery and story of<\/div><div>Tarot in four immersive classes throughout April, allowing space for<\/div><div>integration, practice, and transformation.<\/div><div>\u00a0<\/div><div>This workshop is perfect for beginners and a powerful expansion for<\/div><div>experienced readers alike. We\u2019ll be working in a small, intimate group<\/div><div>to allow for depth, presence, and personal guidance.<\/div><div>\u00a0<\/div><div>\u00a0<\/div><div>Register Here:<\/div><div><a href=\"https:\/\/www.jennifereireen.com\/workshops\" target=\"_blank\" rel=\"noopener\">https:\/\/www.jennifereireen.com\/workshops<\/a><\/div><\/div><div>\u00a0<\/div>\t\t\t\t\t\t\t\t<\/div>\n\t\t\t\t<\/div>\n\t\t\t\t<div class=\"elementor-element elementor-element-be97f2d elementor-align-left elementor-widget elementor-widget-button\" data-id=\"be97f2d\" data-element_type=\"widget\" data-e-type=\"widget\" data-widget_type=\"button.default\">\n\t\t\t\t<div class=\"elementor-widget-container\">\n\t\t\t\t\t\t\t\t\t<div class=\"elementor-button-wrapper\">\n\t\t\t\t\t<a class=\"elementor-button elementor-button-link elementor-size-sm\" href=\"https:\/\/www.jennifereireen.com\/workshops\" target=\"_blank\">\n\t\t\t\t\t\t<span class=\"elementor-button-content-wrapper\">\n\t\t\t\t\t\t\t\t\t<span class=\"elementor-button-text\">Erfahre mehr<\/span>\n\t\t\t\t\t<\/span>\n\t\t\t\t\t<\/a>\n\t\t\t\t<\/div>\n\t\t\t\t\t\t\t\t<\/div>\n\t\t\t\t<\/div>\n\t\t\t\t<\/div>\n\t\t\t\t\t<\/div>\n\t\t\t\t<\/div>\n\t\t<div class=\"elementor-element elementor-element-6825934 e-flex e-con-boxed e-con e-parent\" data-id=\"6825934\" data-element_type=\"container\" data-e-type=\"container\">\n\t\t\t\t\t<div class=\"e-con-inner\">\n\t\t<div class=\"elementor-element elementor-element-e13bdc8 e-con-full e-flex e-con e-child\" data-id=\"e13bdc8\" data-element_type=\"container\" data-e-type=\"container\" data-settings=\"{&quot;background_background&quot;:&quot;slideshow&quot;,&quot;background_slideshow_gallery&quot;:[{&quot;id&quot;:1852,&quot;url&quot;:&quot;https:\\\/\\\/deepbluestudio.de\\\/wp-content\\\/uploads\\\/2026\\\/01\\\/1.png&quot;},{&quot;id&quot;:1853,&quot;url&quot;:&quot;https:\\\/\\\/deepbluestudio.de\\\/wp-content\\\/uploads\\\/2026\\\/01\\\/2.png&quot;},{&quot;id&quot;:1854,&quot;url&quot;:&quot;https:\\\/\\\/deepbluestudio.de\\\/wp-content\\\/uploads\\\/2026\\\/01\\\/3.png&quot;},{&quot;id&quot;:1855,&quot;url&quot;:&quot;https:\\\/\\\/deepbluestudio.de\\\/wp-content\\\/uploads\\\/2026\\\/01\\\/4.png&quot;}],&quot;background_slideshow_slide_duration&quot;:7000,&quot;background_slideshow_transition_duration&quot;:501,&quot;background_slideshow_loop&quot;:&quot;yes&quot;,&quot;background_slideshow_slide_transition&quot;:&quot;fade&quot;}\">\n\t\t\t\t<\/div>\n\t\t<div class=\"elementor-element elementor-element-4cbf737 e-con-full e-flex e-con e-child\" data-id=\"4cbf737\" data-element_type=\"container\" data-e-type=\"container\">\n\t\t\t\t<div class=\"elementor-element elementor-element-af305db elementor-widget elementor-widget-heading\" data-id=\"af305db\" data-element_type=\"widget\" data-e-type=\"widget\" data-widget_type=\"heading.default\">\n\t\t\t\t<div class=\"elementor-widget-container\">\n\t\t\t\t\t<h2 class=\"elementor-heading-title elementor-size-default\">Goodbye, Family Karma!<\/h2>\t\t\t\t<\/div>\n\t\t\t\t<\/div>\n\t\t\t\t<div class=\"elementor-element elementor-element-68413db elementor-widget elementor-widget-text-editor\" data-id=\"68413db\" data-element_type=\"widget\" data-e-type=\"widget\" data-widget_type=\"text-editor.default\">\n\t\t\t\t<div class=\"elementor-widget-container\">\n\t\t\t\t\t\t\t\t\t<h5 class=\"_ap3a _aaco _aacu _aacx _aad7 _aade\" dir=\"auto\">8. M\u00e4rz 2026 | 14\u201319 Uhr<\/h5><h4 class=\"_ap3a _aaco _aacu _aacx _aad7 _aade\" dir=\"auto\">Energetische Familienaufstellung \u2013 ein Raum, um die Dynamiken hinter deinen Familienstrukturen zu erkennen, deinen Platz im System zu sp\u00fcren und alte Lasten loszulassen.<br \/><br \/>Deep Blue Studio, Berlin\u00a0<a class=\"x1i10hfl xjbqb8w x1ejq31n x18oe1m7 x1sy0etr xstzfhl x972fbf x10w94by x1qhh985 x14e42zd x9f619 x1ypdohk xt0psk2 x3ct3a4 xdj266r x14z9mp xat24cr x1lziwak xexx8yu xyri2b x18d9i69 x1c1uobl x16tdsg8 x1hl2dhg xggy1nq x1a2a7pz notranslate _a6hd\" tabindex=\"0\" role=\"link\" href=\"https:\/\/www.instagram.com\/deep_blue_studio_\/\" target=\"_blank\" rel=\"noopener\">@deep_blue_studio_<\/a><br \/>8. M\u00e4rz 2026 | 14\u201319 Uhr<br \/>mit\u00a0<a class=\"x1i10hfl xjbqb8w x1ejq31n x18oe1m7 x1sy0etr xstzfhl x972fbf x10w94by x1qhh985 x14e42zd x9f619 x1ypdohk xt0psk2 x3ct3a4 xdj266r x14z9mp xat24cr x1lziwak xexx8yu xyri2b x18d9i69 x1c1uobl x16tdsg8 x1hl2dhg xggy1nq x1a2a7pz notranslate _a6hd\" tabindex=\"0\" role=\"link\" href=\"https:\/\/www.instagram.com\/himari_consuelo\/\" target=\"_blank\" rel=\"noopener\">@himari_consuelo<\/a>\u00a0und Johanna\u00a0<a class=\"x1i10hfl xjbqb8w x1ejq31n x18oe1m7 x1sy0etr xstzfhl x972fbf x10w94by x1qhh985 x14e42zd x9f619 x1ypdohk xt0psk2 x3ct3a4 xdj266r x14z9mp xat24cr x1lziwak xexx8yu xyri2b x18d9i69 x1c1uobl x16tdsg8 x1hl2dhg xggy1nq x1a2a7pz notranslate _a6hd\" tabindex=\"0\" role=\"link\" href=\"https:\/\/www.instagram.com\/___studiofell\/\" target=\"_blank\" rel=\"noopener\">@___studiofell<\/a><br \/><br \/>150\u20ac Aufstellungsplatz | 20\u20ac Stellvertreter:in<br \/><br \/>Mehr Infos unter dem Link in Bio<\/h4>\t\t\t\t\t\t\t\t<\/div>\n\t\t\t\t<\/div>\n\t\t\t\t<div class=\"elementor-element elementor-element-d8cb923 elementor-align-left elementor-widget elementor-widget-button\" data-id=\"d8cb923\" data-element_type=\"widget\" data-e-type=\"widget\" data-widget_type=\"button.default\">\n\t\t\t\t<div class=\"elementor-widget-container\">\n\t\t\t\t\t\t\t\t\t<div class=\"elementor-button-wrapper\">\n\t\t\t\t\t<a class=\"elementor-button elementor-button-link elementor-size-sm\" href=\"https:\/\/www.himari.de\/events\/goodbye-family-karma\" target=\"_blank\">\n\t\t\t\t\t\t<span class=\"elementor-button-content-wrapper\">\n\t\t\t\t\t\t\t\t\t<span class=\"elementor-button-text\">Erfahre mehr<\/span>\n\t\t\t\t\t<\/span>\n\t\t\t\t\t<\/a>\n\t\t\t\t<\/div>\n\t\t\t\t\t\t\t\t<\/div>\n\t\t\t\t<\/div>\n\t\t\t\t<\/div>\n\t\t\t\t\t<\/div>\n\t\t\t\t<\/div>\n\t\t\t\t<\/div>\n\t\t","protected":false},"excerpt":{"rendered":"<p>Events Upcoming Events Dee Embodiment &#8211; Breathwork &amp; Intensivkurs Samstag 18.April 2026 11-16:00 Uhr Deep Embodiment ist ein Weg der Seelenverk\u00f6rperung. Ein Weg der dich zu dir f\u00fchrt. Unser Atem [&hellip;]<\/p>\n","protected":false},"author":1,"featured_media":0,"parent":0,"menu_order":0,"comment_status":"closed","ping_status":"closed","template":"","meta":{"footnotes":""},"class_list":["post-508","page","type-page","status-publish","hentry"],"aioseo_notices":[],"_links":{"self":[{"href":"https:\/\/deepbluestudio.de\/index.php?rest_route=\/wp\/v2\/pages\/508","targetHints":{"allow":["GET"]}}],"collection":[{"href":"https:\/\/deepbluestudio.de\/index.php?rest_route=\/wp\/v2\/pages"}],"about":[{"href":"https:\/\/deepbluestudio.de\/index.php?rest_route=\/wp\/v2\/types\/page"}],"author":[{"embeddable":true,"href":"https:\/\/deepbluestudio.de\/index.php?rest_route=\/wp\/v2\/users\/1"}],"replies":[{"embeddable":true,"href":"https:\/\/deepbluestudio.de\/index.php?rest_route=%2Fwp%2Fv2%2Fcomments&post=508"}],"version-history":[{"count":216,"href":"https:\/\/deepbluestudio.de\/index.php?rest_route=\/wp\/v2\/pages\/508\/revisions"}],"predecessor-version":[{"id":1900,"href":"https:\/\/deepbluestudio.de\/index.php?rest_route=\/wp\/v2\/pages\/508\/revisions\/1900"}],"wp:attachment":[{"href":"https:\/\/deepbluestudio.de\/index.php?rest_route=%2Fwp%2Fv2%2Fmedia&parent=508"}],"curies":[{"name":"wp","href":"https:\/\/api.w.org\/{rel}","templated":true}]}}